{"id":8457,"date":"2024-10-28T04:07:58","date_gmt":"2024-10-28T04:07:58","guid":{"rendered":"https:\/\/nova155.com\/?post_type=product&#038;p=8457"},"modified":"2026-03-28T03:40:47","modified_gmt":"2026-03-28T03:40:47","slug":"10-points-moissanite-bracelet-tennis-chain-s925-sterling-silver-simple-temperament-niche-design-light-luxury-exquisite-hand-jewelry","status":"publish","type":"product","link":"https:\/\/nova155.com\/de\/produkt\/10-points-moissanite-bracelet-tennis-chain-s925-sterling-silver-simple-temperament-niche-design-light-luxury-exquisite-hand-jewelry\/","title":{"rendered":"10 Punkte Moissanit Armband Tenniskette S925 Sterling Silber Einfaches Temperament Nischendesign Leichter Luxus Exquisiter Handschmuck"},"content":{"rendered":"<p align=\"start\">Wenn Sie mehr wissen m\u00f6chten, wenden Sie sich bitte an den Kundendienst.<\/p>\n<p align=\"start\">Si necesita saber m\u00e1s, comun\u00edquese con el servicio al cliente.<\/p>\n<p align=\"start\">\u0415\u0441\u043b\u0438 \u0432\u0430\u043c \u043d\u0443\u0436\u043d\u043e \u0443\u0437\u043d\u0430\u0442\u044c \u0431\u043e\u043b\u044c\u0448\u0435, \u043f\u043e\u0436\u0430\u043b\u0443\u0439\u0441\u0442\u0430, \u0441\u0432\u044f\u0436\u0438\u0442\u0435\u0441\u044c \u0441\u043e \u0441\u043b\u0443\u0436\u0431\u043e\u0439 \u043f\u043e\u0434\u0434\u0435\u0440\u0436\u043a\u0438 \u043a\u043b\u0438\u0435\u043d\u0442\u043e\u0432.<\/p>\n<p align=\"start\"><img fetchpriority=\"high\" decoding=\"async\" class=\"alignnone size-full wp-image-8463\" src=\"http:\/\/nova155.com\/wp-content\/uploads\/2024\/10\/O1CN01mnIMT92C79yKkk1Cr_4116638426-0-cib.jpg\" alt=\"\" width=\"800\" height=\"800\" srcset=\"https:\/\/nova155.com\/wp-content\/uploads\/2024\/10\/O1CN01mnIMT92C79yKkk1Cr_4116638426-0-cib.jpg 800w, https:\/\/nova155.com\/wp-content\/uploads\/2024\/10\/O1CN01mnIMT92C79yKkk1Cr_4116638426-0-cib-300x300.jpg 300w, https:\/\/nova155.com\/wp-content\/uploads\/2024\/10\/O1CN01mnIMT92C79yKkk1Cr_4116638426-0-cib-150x150.jpg 150w, https:\/\/nova155.com\/wp-content\/uploads\/2024\/10\/O1CN01mnIMT92C79yKkk1Cr_4116638426-0-cib-768x768.jpg 768w, https:\/\/nova155.com\/wp-content\/uploads\/2024\/10\/O1CN01mnIMT92C79yKkk1Cr_4116638426-0-cib-12x12.jpg 12w, https:\/\/nova155.com\/wp-content\/uploads\/2024\/10\/O1CN01mnIMT92C79yKkk1Cr_4116638426-0-cib-370x370.jpg 370w, https:\/\/nova155.com\/wp-content\/uploads\/2024\/10\/O1CN01mnIMT92C79yKkk1Cr_4116638426-0-cib-600x600.jpg 600w, https:\/\/nova155.com\/wp-content\/uploads\/2024\/10\/O1CN01mnIMT92C79yKkk1Cr_4116638426-0-cib-100x100.jpg 100w, https:\/\/nova155.com\/wp-content\/uploads\/2024\/10\/O1CN01mnIMT92C79yKkk1Cr_4116638426-0-cib-50x50.jpg 50w, https:\/\/nova155.com\/wp-content\/uploads\/2024\/10\/O1CN01mnIMT92C79yKkk1Cr_4116638426-0-cib-40x40.jpg 40w\" sizes=\"(max-width: 800px) 100vw, 800px\" \/> <img decoding=\"async\" class=\"alignnone size-full wp-image-8462 lazyload\" data-src=\"http:\/\/nova155.com\/wp-content\/uploads\/2024\/10\/O1CN01uNyMzp2C79yIlKEGU_4116638426-0-cib.jpg\" alt=\"\" width=\"800\" height=\"800\" data-srcset=\"https:\/\/nova155.com\/wp-content\/uploads\/2024\/10\/O1CN01uNyMzp2C79yIlKEGU_4116638426-0-cib.jpg 800w, https:\/\/nova155.com\/wp-content\/uploads\/2024\/10\/O1CN01uNyMzp2C79yIlKEGU_4116638426-0-cib-300x300.jpg 300w, https:\/\/nova155.com\/wp-content\/uploads\/2024\/10\/O1CN01uNyMzp2C79yIlKEGU_4116638426-0-cib-150x150.jpg 150w, https:\/\/nova155.com\/wp-content\/uploads\/2024\/10\/O1CN01uNyMzp2C79yIlKEGU_4116638426-0-cib-768x768.jpg 768w, https:\/\/nova155.com\/wp-content\/uploads\/2024\/10\/O1CN01uNyMzp2C79yIlKEGU_4116638426-0-cib-12x12.jpg 12w, https:\/\/nova155.com\/wp-content\/uploads\/2024\/10\/O1CN01uNyMzp2C79yIlKEGU_4116638426-0-cib-370x370.jpg 370w, https:\/\/nova155.com\/wp-content\/uploads\/2024\/10\/O1CN01uNyMzp2C79yIlKEGU_4116638426-0-cib-600x600.jpg 600w, https:\/\/nova155.com\/wp-content\/uploads\/2024\/10\/O1CN01uNyMzp2C79yIlKEGU_4116638426-0-cib-100x100.jpg 100w, https:\/\/nova155.com\/wp-content\/uploads\/2024\/10\/O1CN01uNyMzp2C79yIlKEGU_4116638426-0-cib-50x50.jpg 50w, https:\/\/nova155.com\/wp-content\/uploads\/2024\/10\/O1CN01uNyMzp2C79yIlKEGU_4116638426-0-cib-40x40.jpg 40w\" data-sizes=\"(max-width: 800px) 100vw, 800px\" src=\"data:image\/gif;base64,R0lGODlhAQABAAAAACH5BAEKAAEALAAAAAABAAEAAAICTAEAOw==\" style=\"--smush-placeholder-width: 800px; --smush-placeholder-aspect-ratio: 800\/800;\" \/><noscript><img decoding=\"async\" class=\"alignnone size-full wp-image-8462\" src=\"http:\/\/nova155.com\/wp-content\/uploads\/2024\/10\/O1CN01uNyMzp2C79yIlKEGU_4116638426-0-cib.jpg\" alt=\"\" width=\"800\" height=\"800\" srcset=\"https:\/\/nova155.com\/wp-content\/uploads\/2024\/10\/O1CN01uNyMzp2C79yIlKEGU_4116638426-0-cib.jpg 800w, https:\/\/nova155.com\/wp-content\/uploads\/2024\/10\/O1CN01uNyMzp2C79yIlKEGU_4116638426-0-cib-300x300.jpg 300w, https:\/\/nova155.com\/wp-content\/uploads\/2024\/10\/O1CN01uNyMzp2C79yIlKEGU_4116638426-0-cib-150x150.jpg 150w, https:\/\/nova155.com\/wp-content\/uploads\/2024\/10\/O1CN01uNyMzp2C79yIlKEGU_4116638426-0-cib-768x768.jpg 768w, https:\/\/nova155.com\/wp-content\/uploads\/2024\/10\/O1CN01uNyMzp2C79yIlKEGU_4116638426-0-cib-12x12.jpg 12w, https:\/\/nova155.com\/wp-content\/uploads\/2024\/10\/O1CN01uNyMzp2C79yIlKEGU_4116638426-0-cib-370x370.jpg 370w, https:\/\/nova155.com\/wp-content\/uploads\/2024\/10\/O1CN01uNyMzp2C79yIlKEGU_4116638426-0-cib-600x600.jpg 600w, https:\/\/nova155.com\/wp-content\/uploads\/2024\/10\/O1CN01uNyMzp2C79yIlKEGU_4116638426-0-cib-100x100.jpg 100w, https:\/\/nova155.com\/wp-content\/uploads\/2024\/10\/O1CN01uNyMzp2C79yIlKEGU_4116638426-0-cib-50x50.jpg 50w, https:\/\/nova155.com\/wp-content\/uploads\/2024\/10\/O1CN01uNyMzp2C79yIlKEGU_4116638426-0-cib-40x40.jpg 40w\" sizes=\"(max-width: 800px) 100vw, 800px\" \/><\/noscript> <img decoding=\"async\" class=\"alignnone size-full wp-image-8461 lazyload\" data-src=\"http:\/\/nova155.com\/wp-content\/uploads\/2024\/10\/O1CN017IsxXf2C79yJSACzD_4116638426-0-cib.jpg\" alt=\"\" width=\"800\" height=\"800\" data-srcset=\"https:\/\/nova155.com\/wp-content\/uploads\/2024\/10\/O1CN017IsxXf2C79yJSACzD_4116638426-0-cib.jpg 800w, https:\/\/nova155.com\/wp-content\/uploads\/2024\/10\/O1CN017IsxXf2C79yJSACzD_4116638426-0-cib-300x300.jpg 300w, https:\/\/nova155.com\/wp-content\/uploads\/2024\/10\/O1CN017IsxXf2C79yJSACzD_4116638426-0-cib-150x150.jpg 150w, https:\/\/nova155.com\/wp-content\/uploads\/2024\/10\/O1CN017IsxXf2C79yJSACzD_4116638426-0-cib-768x768.jpg 768w, https:\/\/nova155.com\/wp-content\/uploads\/2024\/10\/O1CN017IsxXf2C79yJSACzD_4116638426-0-cib-12x12.jpg 12w, https:\/\/nova155.com\/wp-content\/uploads\/2024\/10\/O1CN017IsxXf2C79yJSACzD_4116638426-0-cib-370x370.jpg 370w, https:\/\/nova155.com\/wp-content\/uploads\/2024\/10\/O1CN017IsxXf2C79yJSACzD_4116638426-0-cib-600x600.jpg 600w, https:\/\/nova155.com\/wp-content\/uploads\/2024\/10\/O1CN017IsxXf2C79yJSACzD_4116638426-0-cib-100x100.jpg 100w, https:\/\/nova155.com\/wp-content\/uploads\/2024\/10\/O1CN017IsxXf2C79yJSACzD_4116638426-0-cib-50x50.jpg 50w, https:\/\/nova155.com\/wp-content\/uploads\/2024\/10\/O1CN017IsxXf2C79yJSACzD_4116638426-0-cib-40x40.jpg 40w\" data-sizes=\"(max-width: 800px) 100vw, 800px\" src=\"data:image\/gif;base64,R0lGODlhAQABAAAAACH5BAEKAAEALAAAAAABAAEAAAICTAEAOw==\" style=\"--smush-placeholder-width: 800px; --smush-placeholder-aspect-ratio: 800\/800;\" \/><noscript><img decoding=\"async\" class=\"alignnone size-full wp-image-8461\" src=\"http:\/\/nova155.com\/wp-content\/uploads\/2024\/10\/O1CN017IsxXf2C79yJSACzD_4116638426-0-cib.jpg\" alt=\"\" width=\"800\" height=\"800\" srcset=\"https:\/\/nova155.com\/wp-content\/uploads\/2024\/10\/O1CN017IsxXf2C79yJSACzD_4116638426-0-cib.jpg 800w, https:\/\/nova155.com\/wp-content\/uploads\/2024\/10\/O1CN017IsxXf2C79yJSACzD_4116638426-0-cib-300x300.jpg 300w, https:\/\/nova155.com\/wp-content\/uploads\/2024\/10\/O1CN017IsxXf2C79yJSACzD_4116638426-0-cib-150x150.jpg 150w, https:\/\/nova155.com\/wp-content\/uploads\/2024\/10\/O1CN017IsxXf2C79yJSACzD_4116638426-0-cib-768x768.jpg 768w, https:\/\/nova155.com\/wp-content\/uploads\/2024\/10\/O1CN017IsxXf2C79yJSACzD_4116638426-0-cib-12x12.jpg 12w, https:\/\/nova155.com\/wp-content\/uploads\/2024\/10\/O1CN017IsxXf2C79yJSACzD_4116638426-0-cib-370x370.jpg 370w, https:\/\/nova155.com\/wp-content\/uploads\/2024\/10\/O1CN017IsxXf2C79yJSACzD_4116638426-0-cib-600x600.jpg 600w, https:\/\/nova155.com\/wp-content\/uploads\/2024\/10\/O1CN017IsxXf2C79yJSACzD_4116638426-0-cib-100x100.jpg 100w, https:\/\/nova155.com\/wp-content\/uploads\/2024\/10\/O1CN017IsxXf2C79yJSACzD_4116638426-0-cib-50x50.jpg 50w, https:\/\/nova155.com\/wp-content\/uploads\/2024\/10\/O1CN017IsxXf2C79yJSACzD_4116638426-0-cib-40x40.jpg 40w\" sizes=\"(max-width: 800px) 100vw, 800px\" \/><\/noscript> <img loading=\"lazy\" decoding=\"async\" class=\"alignnone size-full wp-image-8460 lazyload\" data-src=\"http:\/\/nova155.com\/wp-content\/uploads\/2024\/10\/O1CN011enXTw2C79yKOMDL1_4116638426-0-cib.jpg\" alt=\"\" width=\"800\" height=\"800\" data-srcset=\"https:\/\/nova155.com\/wp-content\/uploads\/2024\/10\/O1CN011enXTw2C79yKOMDL1_4116638426-0-cib.jpg 800w, https:\/\/nova155.com\/wp-content\/uploads\/2024\/10\/O1CN011enXTw2C79yKOMDL1_4116638426-0-cib-300x300.jpg 300w, https:\/\/nova155.com\/wp-content\/uploads\/2024\/10\/O1CN011enXTw2C79yKOMDL1_4116638426-0-cib-150x150.jpg 150w, https:\/\/nova155.com\/wp-content\/uploads\/2024\/10\/O1CN011enXTw2C79yKOMDL1_4116638426-0-cib-768x768.jpg 768w, https:\/\/nova155.com\/wp-content\/uploads\/2024\/10\/O1CN011enXTw2C79yKOMDL1_4116638426-0-cib-12x12.jpg 12w, https:\/\/nova155.com\/wp-content\/uploads\/2024\/10\/O1CN011enXTw2C79yKOMDL1_4116638426-0-cib-370x370.jpg 370w, https:\/\/nova155.com\/wp-content\/uploads\/2024\/10\/O1CN011enXTw2C79yKOMDL1_4116638426-0-cib-600x600.jpg 600w, https:\/\/nova155.com\/wp-content\/uploads\/2024\/10\/O1CN011enXTw2C79yKOMDL1_4116638426-0-cib-100x100.jpg 100w, https:\/\/nova155.com\/wp-content\/uploads\/2024\/10\/O1CN011enXTw2C79yKOMDL1_4116638426-0-cib-50x50.jpg 50w, https:\/\/nova155.com\/wp-content\/uploads\/2024\/10\/O1CN011enXTw2C79yKOMDL1_4116638426-0-cib-40x40.jpg 40w\" data-sizes=\"(max-width: 800px) 100vw, 800px\" src=\"data:image\/gif;base64,R0lGODlhAQABAAAAACH5BAEKAAEALAAAAAABAAEAAAICTAEAOw==\" style=\"--smush-placeholder-width: 800px; --smush-placeholder-aspect-ratio: 800\/800;\" \/><noscript><img loading=\"lazy\" decoding=\"async\" class=\"alignnone size-full wp-image-8460\" src=\"http:\/\/nova155.com\/wp-content\/uploads\/2024\/10\/O1CN011enXTw2C79yKOMDL1_4116638426-0-cib.jpg\" alt=\"\" width=\"800\" height=\"800\" srcset=\"https:\/\/nova155.com\/wp-content\/uploads\/2024\/10\/O1CN011enXTw2C79yKOMDL1_4116638426-0-cib.jpg 800w, https:\/\/nova155.com\/wp-content\/uploads\/2024\/10\/O1CN011enXTw2C79yKOMDL1_4116638426-0-cib-300x300.jpg 300w, https:\/\/nova155.com\/wp-content\/uploads\/2024\/10\/O1CN011enXTw2C79yKOMDL1_4116638426-0-cib-150x150.jpg 150w, https:\/\/nova155.com\/wp-content\/uploads\/2024\/10\/O1CN011enXTw2C79yKOMDL1_4116638426-0-cib-768x768.jpg 768w, https:\/\/nova155.com\/wp-content\/uploads\/2024\/10\/O1CN011enXTw2C79yKOMDL1_4116638426-0-cib-12x12.jpg 12w, https:\/\/nova155.com\/wp-content\/uploads\/2024\/10\/O1CN011enXTw2C79yKOMDL1_4116638426-0-cib-370x370.jpg 370w, https:\/\/nova155.com\/wp-content\/uploads\/2024\/10\/O1CN011enXTw2C79yKOMDL1_4116638426-0-cib-600x600.jpg 600w, https:\/\/nova155.com\/wp-content\/uploads\/2024\/10\/O1CN011enXTw2C79yKOMDL1_4116638426-0-cib-100x100.jpg 100w, https:\/\/nova155.com\/wp-content\/uploads\/2024\/10\/O1CN011enXTw2C79yKOMDL1_4116638426-0-cib-50x50.jpg 50w, https:\/\/nova155.com\/wp-content\/uploads\/2024\/10\/O1CN011enXTw2C79yKOMDL1_4116638426-0-cib-40x40.jpg 40w\" sizes=\"(max-width: 800px) 100vw, 800px\" \/><\/noscript> <img loading=\"lazy\" decoding=\"async\" class=\"alignnone size-full wp-image-8459 lazyload\" data-src=\"http:\/\/nova155.com\/wp-content\/uploads\/2024\/10\/O1CN01UNy73U2C79yPNOaW3_4116638426-0-cib.jpg\" alt=\"\" width=\"800\" height=\"800\" data-srcset=\"https:\/\/nova155.com\/wp-content\/uploads\/2024\/10\/O1CN01UNy73U2C79yPNOaW3_4116638426-0-cib.jpg 800w, https:\/\/nova155.com\/wp-content\/uploads\/2024\/10\/O1CN01UNy73U2C79yPNOaW3_4116638426-0-cib-300x300.jpg 300w, https:\/\/nova155.com\/wp-content\/uploads\/2024\/10\/O1CN01UNy73U2C79yPNOaW3_4116638426-0-cib-150x150.jpg 150w, https:\/\/nova155.com\/wp-content\/uploads\/2024\/10\/O1CN01UNy73U2C79yPNOaW3_4116638426-0-cib-768x768.jpg 768w, https:\/\/nova155.com\/wp-content\/uploads\/2024\/10\/O1CN01UNy73U2C79yPNOaW3_4116638426-0-cib-12x12.jpg 12w, https:\/\/nova155.com\/wp-content\/uploads\/2024\/10\/O1CN01UNy73U2C79yPNOaW3_4116638426-0-cib-370x370.jpg 370w, https:\/\/nova155.com\/wp-content\/uploads\/2024\/10\/O1CN01UNy73U2C79yPNOaW3_4116638426-0-cib-600x600.jpg 600w, https:\/\/nova155.com\/wp-content\/uploads\/2024\/10\/O1CN01UNy73U2C79yPNOaW3_4116638426-0-cib-100x100.jpg 100w, https:\/\/nova155.com\/wp-content\/uploads\/2024\/10\/O1CN01UNy73U2C79yPNOaW3_4116638426-0-cib-50x50.jpg 50w, https:\/\/nova155.com\/wp-content\/uploads\/2024\/10\/O1CN01UNy73U2C79yPNOaW3_4116638426-0-cib-40x40.jpg 40w\" data-sizes=\"(max-width: 800px) 100vw, 800px\" src=\"data:image\/gif;base64,R0lGODlhAQABAAAAACH5BAEKAAEALAAAAAABAAEAAAICTAEAOw==\" style=\"--smush-placeholder-width: 800px; --smush-placeholder-aspect-ratio: 800\/800;\" \/><noscript><img loading=\"lazy\" decoding=\"async\" class=\"alignnone size-full wp-image-8459\" src=\"http:\/\/nova155.com\/wp-content\/uploads\/2024\/10\/O1CN01UNy73U2C79yPNOaW3_4116638426-0-cib.jpg\" alt=\"\" width=\"800\" height=\"800\" srcset=\"https:\/\/nova155.com\/wp-content\/uploads\/2024\/10\/O1CN01UNy73U2C79yPNOaW3_4116638426-0-cib.jpg 800w, https:\/\/nova155.com\/wp-content\/uploads\/2024\/10\/O1CN01UNy73U2C79yPNOaW3_4116638426-0-cib-300x300.jpg 300w, https:\/\/nova155.com\/wp-content\/uploads\/2024\/10\/O1CN01UNy73U2C79yPNOaW3_4116638426-0-cib-150x150.jpg 150w, https:\/\/nova155.com\/wp-content\/uploads\/2024\/10\/O1CN01UNy73U2C79yPNOaW3_4116638426-0-cib-768x768.jpg 768w, https:\/\/nova155.com\/wp-content\/uploads\/2024\/10\/O1CN01UNy73U2C79yPNOaW3_4116638426-0-cib-12x12.jpg 12w, https:\/\/nova155.com\/wp-content\/uploads\/2024\/10\/O1CN01UNy73U2C79yPNOaW3_4116638426-0-cib-370x370.jpg 370w, https:\/\/nova155.com\/wp-content\/uploads\/2024\/10\/O1CN01UNy73U2C79yPNOaW3_4116638426-0-cib-600x600.jpg 600w, https:\/\/nova155.com\/wp-content\/uploads\/2024\/10\/O1CN01UNy73U2C79yPNOaW3_4116638426-0-cib-100x100.jpg 100w, https:\/\/nova155.com\/wp-content\/uploads\/2024\/10\/O1CN01UNy73U2C79yPNOaW3_4116638426-0-cib-50x50.jpg 50w, https:\/\/nova155.com\/wp-content\/uploads\/2024\/10\/O1CN01UNy73U2C79yPNOaW3_4116638426-0-cib-40x40.jpg 40w\" sizes=\"(max-width: 800px) 100vw, 800px\" \/><\/noscript><\/p>\n<p align=\"start\">\u00a0 \u00a0\u00a0<img loading=\"lazy\" decoding=\"async\" class=\"alignnone size-full wp-image-8438 lazyload\" data-src=\"http:\/\/nova155.com\/wp-content\/uploads\/2024\/10\/Sd48cf6723ef44b90bddcf829bc5c7923f.jpg\" alt=\"\" width=\"800\" height=\"517\" data-srcset=\"https:\/\/nova155.com\/wp-content\/uploads\/2024\/10\/Sd48cf6723ef44b90bddcf829bc5c7923f.jpg 800w, https:\/\/nova155.com\/wp-content\/uploads\/2024\/10\/Sd48cf6723ef44b90bddcf829bc5c7923f-300x194.jpg 300w, https:\/\/nova155.com\/wp-content\/uploads\/2024\/10\/Sd48cf6723ef44b90bddcf829bc5c7923f-768x496.jpg 768w, https:\/\/nova155.com\/wp-content\/uploads\/2024\/10\/Sd48cf6723ef44b90bddcf829bc5c7923f-18x12.jpg 18w, https:\/\/nova155.com\/wp-content\/uploads\/2024\/10\/Sd48cf6723ef44b90bddcf829bc5c7923f-790x510.jpg 790w, https:\/\/nova155.com\/wp-content\/uploads\/2024\/10\/Sd48cf6723ef44b90bddcf829bc5c7923f-370x239.jpg 370w, https:\/\/nova155.com\/wp-content\/uploads\/2024\/10\/Sd48cf6723ef44b90bddcf829bc5c7923f-600x388.jpg 600w, https:\/\/nova155.com\/wp-content\/uploads\/2024\/10\/Sd48cf6723ef44b90bddcf829bc5c7923f-60x40.jpg 60w\" data-sizes=\"(max-width: 800px) 100vw, 800px\" src=\"data:image\/gif;base64,R0lGODlhAQABAAAAACH5BAEKAAEALAAAAAABAAEAAAICTAEAOw==\" style=\"--smush-placeholder-width: 800px; --smush-placeholder-aspect-ratio: 800\/517;\" \/><noscript><img loading=\"lazy\" decoding=\"async\" class=\"alignnone size-full wp-image-8438\" src=\"http:\/\/nova155.com\/wp-content\/uploads\/2024\/10\/Sd48cf6723ef44b90bddcf829bc5c7923f.jpg\" alt=\"\" width=\"800\" height=\"517\" srcset=\"https:\/\/nova155.com\/wp-content\/uploads\/2024\/10\/Sd48cf6723ef44b90bddcf829bc5c7923f.jpg 800w, https:\/\/nova155.com\/wp-content\/uploads\/2024\/10\/Sd48cf6723ef44b90bddcf829bc5c7923f-300x194.jpg 300w, https:\/\/nova155.com\/wp-content\/uploads\/2024\/10\/Sd48cf6723ef44b90bddcf829bc5c7923f-768x496.jpg 768w, https:\/\/nova155.com\/wp-content\/uploads\/2024\/10\/Sd48cf6723ef44b90bddcf829bc5c7923f-18x12.jpg 18w, https:\/\/nova155.com\/wp-content\/uploads\/2024\/10\/Sd48cf6723ef44b90bddcf829bc5c7923f-790x510.jpg 790w, https:\/\/nova155.com\/wp-content\/uploads\/2024\/10\/Sd48cf6723ef44b90bddcf829bc5c7923f-370x239.jpg 370w, https:\/\/nova155.com\/wp-content\/uploads\/2024\/10\/Sd48cf6723ef44b90bddcf829bc5c7923f-600x388.jpg 600w, https:\/\/nova155.com\/wp-content\/uploads\/2024\/10\/Sd48cf6723ef44b90bddcf829bc5c7923f-60x40.jpg 60w\" sizes=\"(max-width: 800px) 100vw, 800px\" \/><\/noscript> <img loading=\"lazy\" decoding=\"async\" class=\"alignnone size-full wp-image-8439 lazyload\" data-src=\"http:\/\/nova155.com\/wp-content\/uploads\/2024\/10\/5487456.jpg\" alt=\"\" width=\"1000\" height=\"908\" data-srcset=\"https:\/\/nova155.com\/wp-content\/uploads\/2024\/10\/5487456.jpg 1000w, https:\/\/nova155.com\/wp-content\/uploads\/2024\/10\/5487456-300x272.jpg 300w, https:\/\/nova155.com\/wp-content\/uploads\/2024\/10\/5487456-768x697.jpg 768w, https:\/\/nova155.com\/wp-content\/uploads\/2024\/10\/5487456-13x12.jpg 13w, https:\/\/nova155.com\/wp-content\/uploads\/2024\/10\/5487456-370x336.jpg 370w, https:\/\/nova155.com\/wp-content\/uploads\/2024\/10\/5487456-600x545.jpg 600w, https:\/\/nova155.com\/wp-content\/uploads\/2024\/10\/5487456-44x40.jpg 44w\" data-sizes=\"(max-width: 1000px) 100vw, 1000px\" src=\"data:image\/gif;base64,R0lGODlhAQABAAAAACH5BAEKAAEALAAAAAABAAEAAAICTAEAOw==\" style=\"--smush-placeholder-width: 1000px; --smush-placeholder-aspect-ratio: 1000\/908;\" \/><noscript><img loading=\"lazy\" decoding=\"async\" class=\"alignnone size-full wp-image-8439\" src=\"http:\/\/nova155.com\/wp-content\/uploads\/2024\/10\/5487456.jpg\" alt=\"\" width=\"1000\" height=\"908\" srcset=\"https:\/\/nova155.com\/wp-content\/uploads\/2024\/10\/5487456.jpg 1000w, https:\/\/nova155.com\/wp-content\/uploads\/2024\/10\/5487456-300x272.jpg 300w, https:\/\/nova155.com\/wp-content\/uploads\/2024\/10\/5487456-768x697.jpg 768w, https:\/\/nova155.com\/wp-content\/uploads\/2024\/10\/5487456-13x12.jpg 13w, https:\/\/nova155.com\/wp-content\/uploads\/2024\/10\/5487456-370x336.jpg 370w, https:\/\/nova155.com\/wp-content\/uploads\/2024\/10\/5487456-600x545.jpg 600w, https:\/\/nova155.com\/wp-content\/uploads\/2024\/10\/5487456-44x40.jpg 44w\" sizes=\"(max-width: 1000px) 100vw, 1000px\" \/><\/noscript><\/p>\n<p style=\"text-align: center;\">","protected":false},"excerpt":{"rendered":"<ul>\n<li><strong>Anspruchsvolles Design<\/strong><br \/>\nDiese Ohrstecker zeichnen sich durch ein schlichtes und raffiniertes Design aus, das jedem Outfit m\u00fchelos einen Hauch von Eleganz verleiht. Perfekt sowohl f\u00fcr den Alltag als auch f\u00fcr besondere Anl\u00e4sse.<\/li>\n<li><strong>Hochwertige Materialien<\/strong><br \/>\nDie aus hochwertigen Metallen gefertigten und mit viel Liebe zum Detail veredelten Ohrringe bieten eine lange Haltbarkeit und einen brillanten Glanz, der sie zu einem festen Bestandteil Ihrer Schmucksammlung macht.<\/li>\n<li><strong>Vielseitig und klassisch<\/strong><br \/>\nDas zeitlose Design dieser Ohrstecker macht sie zu einem vielseitigen Accessoire, das sich mit jeder Garderobe kombinieren l\u00e4sst. Sie sind ideal, um sie \u00fcbereinander zu tragen oder allein zu tragen, und verleihen jedem Look einen subtilen und doch raffinierten Touch.<\/li>\n<\/ul>","protected":false},"featured_media":8463,"comment_status":"open","ping_status":"closed","template":"","meta":[],"product_cat":[1389],"product_tag":[219],"class_list":{"0":"post-8457","1":"product","2":"type-product","3":"status-publish","4":"has-post-thumbnail","6":"product_cat-bracelet","7":"product_tag-bracelet","9":"first","10":"instock","11":"shipping-taxable","12":"purchasable","13":"product-type-variable","14":"wvs-archive-product-wrapper","15":"col-xs-6 col-sm-4","16":"col-md-3 col-lg-3","17":"un-4-cols"},"_links":{"self":[{"href":"https:\/\/nova155.com\/de\/wp-json\/wp\/v2\/product\/8457","targetHints":{"allow":["GET"]}}],"collection":[{"href":"https:\/\/nova155.com\/de\/wp-json\/wp\/v2\/product"}],"about":[{"href":"https:\/\/nova155.com\/de\/wp-json\/wp\/v2\/types\/product"}],"replies":[{"embeddable":true,"href":"https:\/\/nova155.com\/de\/wp-json\/wp\/v2\/comments?post=8457"}],"wp:featuredmedia":[{"embeddable":true,"href":"https:\/\/nova155.com\/de\/wp-json\/wp\/v2\/media\/8463"}],"wp:attachment":[{"href":"https:\/\/nova155.com\/de\/wp-json\/wp\/v2\/media?parent=8457"}],"wp:term":[{"taxonomy":"product_cat","embeddable":true,"href":"https:\/\/nova155.com\/de\/wp-json\/wp\/v2\/product_cat?post=8457"},{"taxonomy":"product_tag","embeddable":true,"href":"https:\/\/nova155.com\/de\/wp-json\/wp\/v2\/product_tag?post=8457"}],"curies":[{"name":"wp","href":"https:\/\/api.w.org\/{rel}","templated":true}]}}