{"id":9876,"date":"2025-02-20T03:52:39","date_gmt":"2025-02-20T03:52:39","guid":{"rendered":"https:\/\/nova155.com\/?post_type=product&#038;p=9876"},"modified":"2025-03-03T08:36:58","modified_gmt":"2025-03-03T08:36:58","slug":"s925-moissanite-stud-earrings-white-gold-plated-sterling-silver-round-cut-lab-diamond-screw-ear-studs-for-women-hao-2","status":"publish","type":"product","link":"https:\/\/nova155.com\/de\/produkt\/s925-moissanite-stud-earrings-white-gold-plated-sterling-silver-round-cut-lab-diamond-screw-ear-studs-for-women-hao-2\/","title":{"rendered":"S925 Moissanite Ohrstecker Wei\u00dfgold vergoldet Sterling Silber Rundschliff Labor Diamant Schraube Ohrstecker f\u00fcr Frauen HAO"},"content":{"rendered":"<p align=\"start\">Wenn Sie mehr wissen m\u00f6chten, wenden Sie sich bitte an den Kundendienst.<\/p>\n<p align=\"start\">Si necesita saber m\u00e1s, comun\u00edquese con el servicio al cliente.<\/p>\n<p align=\"start\">\u0415\u0441\u043b\u0438 \u0432\u0430\u043c \u043d\u0443\u0436\u043d\u043e \u0443\u0437\u043d\u0430\u0442\u044c \u0431\u043e\u043b\u044c\u0448\u0435, \u043f\u043e\u0436\u0430\u043b\u0443\u0439\u0441\u0442\u0430, \u0441\u0432\u044f\u0436\u0438\u0442\u0435\u0441\u044c \u0441\u043e \u0441\u043b\u0443\u0436\u0431\u043e\u0439 \u043f\u043e\u0434\u0434\u0435\u0440\u0436\u043a\u0438 \u043a\u043b\u0438\u0435\u043d\u0442\u043e\u0432.<\/p>\n<p align=\"start\">\u00a0 \u00a0\u00a0<img fetchpriority=\"high\" decoding=\"async\" class=\"alignnone size-full wp-image-8438\" src=\"http:\/\/nova155.com\/wp-content\/uploads\/2024\/10\/Sd48cf6723ef44b90bddcf829bc5c7923f.jpg\" alt=\"\" width=\"800\" height=\"517\" srcset=\"https:\/\/nova155.com\/wp-content\/uploads\/2024\/10\/Sd48cf6723ef44b90bddcf829bc5c7923f.jpg 800w, https:\/\/nova155.com\/wp-content\/uploads\/2024\/10\/Sd48cf6723ef44b90bddcf829bc5c7923f-300x194.jpg 300w, https:\/\/nova155.com\/wp-content\/uploads\/2024\/10\/Sd48cf6723ef44b90bddcf829bc5c7923f-768x496.jpg 768w, https:\/\/nova155.com\/wp-content\/uploads\/2024\/10\/Sd48cf6723ef44b90bddcf829bc5c7923f-18x12.jpg 18w, https:\/\/nova155.com\/wp-content\/uploads\/2024\/10\/Sd48cf6723ef44b90bddcf829bc5c7923f-790x510.jpg 790w, https:\/\/nova155.com\/wp-content\/uploads\/2024\/10\/Sd48cf6723ef44b90bddcf829bc5c7923f-370x239.jpg 370w, https:\/\/nova155.com\/wp-content\/uploads\/2024\/10\/Sd48cf6723ef44b90bddcf829bc5c7923f-600x388.jpg 600w, https:\/\/nova155.com\/wp-content\/uploads\/2024\/10\/Sd48cf6723ef44b90bddcf829bc5c7923f-60x40.jpg 60w\" sizes=\"(max-width: 800px) 100vw, 800px\" \/> <img decoding=\"async\" class=\"alignnone size-full wp-image-8439 lazyload\" data-src=\"http:\/\/nova155.com\/wp-content\/uploads\/2024\/10\/5487456.jpg\" alt=\"\" width=\"1000\" height=\"908\" data-srcset=\"https:\/\/nova155.com\/wp-content\/uploads\/2024\/10\/5487456.jpg 1000w, https:\/\/nova155.com\/wp-content\/uploads\/2024\/10\/5487456-300x272.jpg 300w, https:\/\/nova155.com\/wp-content\/uploads\/2024\/10\/5487456-768x697.jpg 768w, https:\/\/nova155.com\/wp-content\/uploads\/2024\/10\/5487456-13x12.jpg 13w, https:\/\/nova155.com\/wp-content\/uploads\/2024\/10\/5487456-370x336.jpg 370w, https:\/\/nova155.com\/wp-content\/uploads\/2024\/10\/5487456-600x545.jpg 600w, https:\/\/nova155.com\/wp-content\/uploads\/2024\/10\/5487456-44x40.jpg 44w\" data-sizes=\"(max-width: 1000px) 100vw, 1000px\" src=\"data:image\/gif;base64,R0lGODlhAQABAAAAACH5BAEKAAEALAAAAAABAAEAAAICTAEAOw==\" style=\"--smush-placeholder-width: 1000px; --smush-placeholder-aspect-ratio: 1000\/908;\" \/><noscript><img decoding=\"async\" class=\"alignnone size-full wp-image-8439\" src=\"http:\/\/nova155.com\/wp-content\/uploads\/2024\/10\/5487456.jpg\" alt=\"\" width=\"1000\" height=\"908\" srcset=\"https:\/\/nova155.com\/wp-content\/uploads\/2024\/10\/5487456.jpg 1000w, https:\/\/nova155.com\/wp-content\/uploads\/2024\/10\/5487456-300x272.jpg 300w, https:\/\/nova155.com\/wp-content\/uploads\/2024\/10\/5487456-768x697.jpg 768w, https:\/\/nova155.com\/wp-content\/uploads\/2024\/10\/5487456-13x12.jpg 13w, https:\/\/nova155.com\/wp-content\/uploads\/2024\/10\/5487456-370x336.jpg 370w, https:\/\/nova155.com\/wp-content\/uploads\/2024\/10\/5487456-600x545.jpg 600w, https:\/\/nova155.com\/wp-content\/uploads\/2024\/10\/5487456-44x40.jpg 44w\" sizes=\"(max-width: 1000px) 100vw, 1000px\" \/><\/noscript><\/p>\n<p style=\"text-align: center\">","protected":false},"excerpt":{"rendered":"<ul>\n<li><strong>Anspruchsvolles Design<\/strong><br \/>\nDiese Ohrstecker zeichnen sich durch ein schlichtes und raffiniertes Design aus, das jedem Outfit m\u00fchelos einen Hauch von Eleganz verleiht. Perfekt sowohl f\u00fcr den Alltag als auch f\u00fcr besondere Anl\u00e4sse.<\/li>\n<li><strong>Hochwertige Materialien<\/strong><br \/>\nDie aus hochwertigen Metallen gefertigten und mit viel Liebe zum Detail veredelten Ohrringe bieten eine lange Haltbarkeit und einen brillanten Glanz, der sie zu einem festen Bestandteil Ihrer Schmucksammlung macht.<\/li>\n<li><strong>Vielseitig und klassisch<\/strong><br \/>\nDas zeitlose Design dieser Ohrstecker macht sie zu einem vielseitigen Accessoire, das sich mit jeder Garderobe kombinieren l\u00e4sst. Sie sind ideal, um sie \u00fcbereinander zu tragen oder allein zu tragen, und verleihen jedem Look einen subtilen und doch raffinierten Touch.<\/li>\n<\/ul>","protected":false},"featured_media":9868,"comment_status":"open","ping_status":"closed","template":"","meta":[],"product_cat":[1393],"product_tag":[219],"class_list":{"0":"post-9876","1":"product","2":"type-product","3":"status-publish","4":"has-post-thumbnail","6":"product_cat-earrings","7":"product_tag-bracelet","9":"first","10":"instock","11":"shipping-taxable","12":"purchasable","13":"product-type-variable","14":"wvs-archive-product-wrapper","15":"col-xs-6 col-sm-4","16":"col-md-3 col-lg-3","17":"un-4-cols"},"_links":{"self":[{"href":"https:\/\/nova155.com\/de\/wp-json\/wp\/v2\/product\/9876","targetHints":{"allow":["GET"]}}],"collection":[{"href":"https:\/\/nova155.com\/de\/wp-json\/wp\/v2\/product"}],"about":[{"href":"https:\/\/nova155.com\/de\/wp-json\/wp\/v2\/types\/product"}],"replies":[{"embeddable":true,"href":"https:\/\/nova155.com\/de\/wp-json\/wp\/v2\/comments?post=9876"}],"wp:featuredmedia":[{"embeddable":true,"href":"https:\/\/nova155.com\/de\/wp-json\/wp\/v2\/media\/9868"}],"wp:attachment":[{"href":"https:\/\/nova155.com\/de\/wp-json\/wp\/v2\/media?parent=9876"}],"wp:term":[{"taxonomy":"product_cat","embeddable":true,"href":"https:\/\/nova155.com\/de\/wp-json\/wp\/v2\/product_cat?post=9876"},{"taxonomy":"product_tag","embeddable":true,"href":"https:\/\/nova155.com\/de\/wp-json\/wp\/v2\/product_tag?post=9876"}],"curies":[{"name":"wp","href":"https:\/\/api.w.org\/{rel}","templated":true}]}}