{"id":11441,"date":"2025-09-28T09:00:22","date_gmt":"2025-09-28T09:00:22","guid":{"rendered":"https:\/\/nova155.com\/?post_type=product&#038;p=11441"},"modified":"2026-01-22T07:05:32","modified_gmt":"2026-01-22T07:05:32","slug":"moissanite-fashion-popular-2025-hot-womens-high-end-versatile-hand-jewelry-wholesale-personal-exclusive-jewelry-for-women","status":"publish","type":"product","link":"https:\/\/nova155.com\/es\/producto\/moissanite-fashion-popular-2025-hot-womens-high-end-versatile-hand-jewelry-wholesale-personal-exclusive-jewelry-for-women\/","title":{"rendered":"Moissanite Moda Popular 2025 HOT Mujeres de gama alta Vers\u00e1til Joyer\u00eda de mano al por mayor Personal Exclusivo de joyer\u00eda para las mujeres"},"content":{"rendered":"<p>Para m\u00e1s informaci\u00f3n, p\u00f3ngase en contacto con el Servicio de Atenci\u00f3n al Cliente.<\/p>\n<p>En caso necesario, colabore con el Servicio de Atenci\u00f3n al Cliente.<\/p>","protected":false},"excerpt":{"rendered":"<p>For more information, please contact Customer Service. Please cooperate with Customer Service if necessary.<\/p>","protected":false},"featured_media":11443,"comment_status":"open","ping_status":"closed","template":"","meta":[],"product_cat":[1390],"product_tag":[1397],"class_list":{"0":"post-11441","1":"product","2":"type-product","3":"status-publish","4":"has-post-thumbnail","6":"product_cat-necklace","7":"product_tag-necklace","9":"first","10":"instock","11":"shipping-taxable","12":"purchasable","13":"product-type-variable","14":"wvs-archive-product-wrapper","15":"col-xs-6 col-sm-4","16":"col-md-3 col-lg-3","17":"un-4-cols"},"_links":{"self":[{"href":"https:\/\/nova155.com\/es\/wp-json\/wp\/v2\/product\/11441","targetHints":{"allow":["GET"]}}],"collection":[{"href":"https:\/\/nova155.com\/es\/wp-json\/wp\/v2\/product"}],"about":[{"href":"https:\/\/nova155.com\/es\/wp-json\/wp\/v2\/types\/product"}],"replies":[{"embeddable":true,"href":"https:\/\/nova155.com\/es\/wp-json\/wp\/v2\/comments?post=11441"}],"wp:featuredmedia":[{"embeddable":true,"href":"https:\/\/nova155.com\/es\/wp-json\/wp\/v2\/media\/11443"}],"wp:attachment":[{"href":"https:\/\/nova155.com\/es\/wp-json\/wp\/v2\/media?parent=11441"}],"wp:term":[{"taxonomy":"product_cat","embeddable":true,"href":"https:\/\/nova155.com\/es\/wp-json\/wp\/v2\/product_cat?post=11441"},{"taxonomy":"product_tag","embeddable":true,"href":"https:\/\/nova155.com\/es\/wp-json\/wp\/v2\/product_tag?post=11441"}],"curies":[{"name":"wp","href":"https:\/\/api.w.org\/{rel}","templated":true}]}}