{"id":5178,"date":"2024-08-27T07:07:42","date_gmt":"2024-08-27T07:07:42","guid":{"rendered":"https:\/\/nova155.com\/?post_type=product&#038;p=5178"},"modified":"2024-08-29T07:56:50","modified_gmt":"2024-08-29T07:56:50","slug":"fashionable-and-versatile-multi-element-bracelet-stacked-and-exaggerated-bracelets-for-women-manufacturers-and-wholesale","status":"publish","type":"product","link":"https:\/\/nova155.com\/es\/producto\/fashionable-and-versatile-multi-element-bracelet-stacked-and-exaggerated-bracelets-for-women-manufacturers-and-wholesale\/","title":{"rendered":"Collar de cuentas de cristal nicho de las mujeres vers\u00e1til color perla arroz cadena de cuentas clav\u00edcula"},"content":{"rendered":"<p align=\"start\">Si necesita m\u00e1s informaci\u00f3n, p\u00f3ngase en contacto con el servicio de atenci\u00f3n al cliente.<\/p>\n<p align=\"start\">Si necesita saber m\u00e1s, comun\u00edquese con el servicio al cliente.<\/p>\n<p align=\"start\">\u0415\u0441\u043b\u0438 \u0432\u0430\u043c \u043d\u0443\u0436\u043d\u043e \u0443\u0437\u043d\u0430\u0442\u044c \u0431\u043e\u043b\u044c\u0448\u0435, \u043f\u043e\u0436\u0430\u043b\u0443\u0439\u0441\u0442\u0430, \u0441\u0432\u044f\u0436\u0438\u0442\u0435\u0441\u044c \u0441\u043e \u0441\u043b\u0443\u0436\u0431\u043e\u0439 \u043f\u043e\u0434\u0434\u0435\u0440\u0436\u043a\u0438 \u043a\u043b\u0438\u0435\u043d\u0442\u043e\u0432.<\/p>\n<p>&nbsp;<\/p>","protected":false},"excerpt":{"rendered":"<ul>\n<li><strong>Dise\u00f1o sofisticado<\/strong><br \/>\nEstos pendientes de bot\u00f3n presentan un dise\u00f1o elegante y sofisticado que a\u00f1ade sin esfuerzo un toque de elegancia a cualquier atuendo. Perfectos tanto para el d\u00eda a d\u00eda como para ocasiones especiales.<\/li>\n<li><strong>Materiales de alta calidad<\/strong><br \/>\nElaborados con metales de primera calidad y acabados con una meticulosa atenci\u00f3n al detalle, estos pendientes ofrecen una durabilidad duradera y un brillo resplandeciente, lo que garantiza que seguir\u00e1n siendo un elemento b\u00e1sico en su colecci\u00f3n de joyas.<\/li>\n<li><strong>Vers\u00e1til y cl\u00e1sico<\/strong><br \/>\nEl dise\u00f1o atemporal de estos pendientes los convierte en un accesorio vers\u00e1til que combina bien con cualquier vestuario. Ideales para llevar a capas o solos, aportan un toque sutil pero refinado a cualquier look.<\/li>\n<\/ul>","protected":false},"featured_media":7832,"comment_status":"open","ping_status":"closed","template":"","meta":[],"product_cat":[15],"product_tag":[219],"class_list":{"0":"post-5178","1":"product","2":"type-product","3":"status-publish","4":"has-post-thumbnail","6":"product_cat-uncategorized","7":"product_tag-bracelet","9":"first","10":"instock","11":"shipping-taxable","12":"purchasable","13":"product-type-variable","14":"wvs-archive-product-wrapper","15":"col-xs-6 col-sm-4","16":"col-md-3 col-lg-3","17":"un-4-cols"},"_links":{"self":[{"href":"https:\/\/nova155.com\/es\/wp-json\/wp\/v2\/product\/5178","targetHints":{"allow":["GET"]}}],"collection":[{"href":"https:\/\/nova155.com\/es\/wp-json\/wp\/v2\/product"}],"about":[{"href":"https:\/\/nova155.com\/es\/wp-json\/wp\/v2\/types\/product"}],"replies":[{"embeddable":true,"href":"https:\/\/nova155.com\/es\/wp-json\/wp\/v2\/comments?post=5178"}],"wp:featuredmedia":[{"embeddable":true,"href":"https:\/\/nova155.com\/es\/wp-json\/wp\/v2\/media\/7832"}],"wp:attachment":[{"href":"https:\/\/nova155.com\/es\/wp-json\/wp\/v2\/media?parent=5178"}],"wp:term":[{"taxonomy":"product_cat","embeddable":true,"href":"https:\/\/nova155.com\/es\/wp-json\/wp\/v2\/product_cat?post=5178"},{"taxonomy":"product_tag","embeddable":true,"href":"https:\/\/nova155.com\/es\/wp-json\/wp\/v2\/product_tag?post=5178"}],"curies":[{"name":"wp","href":"https:\/\/api.w.org\/{rel}","templated":true}]}}