{"id":8310,"date":"2024-10-21T07:07:33","date_gmt":"2024-10-21T07:07:33","guid":{"rendered":"https:\/\/nova155.com\/?post_type=product&#038;p=8310"},"modified":"2024-11-03T07:04:09","modified_gmt":"2024-11-03T07:04:09","slug":"four-claw-moissanite-earrings-50-points-one-carat-2-carats-sterling-silver-men-and-women-multi-color-optional-simple-earrings","status":"publish","type":"product","link":"https:\/\/nova155.com\/es\/producto\/four-claw-moissanite-earrings-50-points-one-carat-2-carats-sterling-silver-men-and-women-multi-color-optional-simple-earrings\/","title":{"rendered":"Cuatro garras Moissanite Pendientes 50 Puntos Un Quilate 2 Quilates Plata de Ley Hombres y Mujeres Multicolor Opcional Pendientes Sencillos"},"content":{"rendered":"<p align=\"start\">Si necesita m\u00e1s informaci\u00f3n, p\u00f3ngase en contacto con el servicio de atenci\u00f3n al cliente.<\/p>\n<p align=\"start\">Si necesita saber m\u00e1s, comun\u00edquese con el servicio al cliente.<\/p>\n<p align=\"start\">\u0415\u0441\u043b\u0438 \u0432\u0430\u043c \u043d\u0443\u0436\u043d\u043e \u0443\u0437\u043d\u0430\u0442\u044c \u0431\u043e\u043b\u044c\u0448\u0435, \u043f\u043e\u0436\u0430\u043b\u0443\u0439\u0441\u0442\u0430, \u0441\u0432\u044f\u0436\u0438\u0442\u0435\u0441\u044c \u0441\u043e \u0441\u043b\u0443\u0436\u0431\u043e\u0439 \u043f\u043e\u0434\u0434\u0435\u0440\u0436\u043a\u0438 \u043a\u043b\u0438\u0435\u043d\u0442\u043e\u0432.<\/p>\n<p>&nbsp;<\/p>","protected":false},"excerpt":{"rendered":"<p>If you need to know more, please contact customer service. Si necesita saber m\u00e1s, comun\u00edquese con el servicio al cliente. \u0415\u0441\u043b\u0438 \u0432\u0430\u043c \u043d\u0443\u0436\u043d\u043e \u0443\u0437\u043d\u0430\u0442\u044c \u0431\u043e\u043b\u044c\u0448\u0435, \u043f\u043e\u0436\u0430\u043b\u0443\u0439\u0441\u0442\u0430, \u0441\u0432\u044f\u0436\u0438\u0442\u0435\u0441\u044c \u0441\u043e \u0441\u043b\u0443\u0436\u0431\u043e\u0439 \u043f\u043e\u0434\u0434\u0435\u0440\u0436\u043a\u0438 \u043a\u043b\u0438\u0435\u043d\u0442\u043e\u0432. &nbsp;<\/p>","protected":false},"featured_media":8352,"comment_status":"open","ping_status":"closed","template":"","meta":[],"product_cat":[15],"product_tag":[219],"class_list":{"0":"post-8310","1":"product","2":"type-product","3":"status-publish","4":"has-post-thumbnail","6":"product_cat-uncategorized","7":"product_tag-bracelet","9":"first","10":"instock","11":"shipping-taxable","12":"purchasable","13":"product-type-variable","14":"wvs-archive-product-wrapper","15":"col-xs-6 col-sm-4","16":"col-md-3 col-lg-3","17":"un-4-cols"},"_links":{"self":[{"href":"https:\/\/nova155.com\/es\/wp-json\/wp\/v2\/product\/8310","targetHints":{"allow":["GET"]}}],"collection":[{"href":"https:\/\/nova155.com\/es\/wp-json\/wp\/v2\/product"}],"about":[{"href":"https:\/\/nova155.com\/es\/wp-json\/wp\/v2\/types\/product"}],"replies":[{"embeddable":true,"href":"https:\/\/nova155.com\/es\/wp-json\/wp\/v2\/comments?post=8310"}],"wp:featuredmedia":[{"embeddable":true,"href":"https:\/\/nova155.com\/es\/wp-json\/wp\/v2\/media\/8352"}],"wp:attachment":[{"href":"https:\/\/nova155.com\/es\/wp-json\/wp\/v2\/media?parent=8310"}],"wp:term":[{"taxonomy":"product_cat","embeddable":true,"href":"https:\/\/nova155.com\/es\/wp-json\/wp\/v2\/product_cat?post=8310"},{"taxonomy":"product_tag","embeddable":true,"href":"https:\/\/nova155.com\/es\/wp-json\/wp\/v2\/product_tag?post=8310"}],"curies":[{"name":"wp","href":"https:\/\/api.w.org\/{rel}","templated":true}]}}