{"id":10250,"date":"2025-03-24T12:42:18","date_gmt":"2025-03-24T12:42:18","guid":{"rendered":"https:\/\/nova155.com\/?post_type=product&#038;p=10250"},"modified":"2025-03-24T12:52:38","modified_gmt":"2025-03-24T12:52:38","slug":"2025-ceramic-beaded-bracelet-girls-jewelry-niche-jewelry-wholesale-free-delivery-dropshopping","status":"publish","type":"product","link":"https:\/\/nova155.com\/fr\/produit\/2025-ceramic-beaded-bracelet-girls-jewelry-niche-jewelry-wholesale-free-delivery-dropshopping\/","title":{"rendered":"2025 Bracelet de perles en c\u00e9ramique Bijoux pour filles Bijoux de niche Grossiste Livraison gratuite Dropshopping"},"content":{"rendered":"<p align=\"start\">Si vous souhaitez en savoir plus, veuillez contacter le service client\u00e8le.<\/p>\n<p align=\"start\">Si vous souhaitez en savoir plus, contactez le service client\u00e8le.<\/p>\n<p align=\"start\">\u0415\u0441\u043b\u0438 \u0432\u0430\u043c \u043d\u0443\u0436\u043d\u043e \u0443\u0437\u043d\u0430\u0442\u044c \u0431\u043e\u043b\u044c\u0448\u0435, \u043f\u043e\u0436\u0430\u043b\u0443\u0439\u0441\u0442\u0430, \u0441\u0432\u044f\u0436\u0438\u0442\u0435\u0441\u044c \u0441\u043e \u0441\u043b\u0443\u0436\u0431\u043e\u0439 \u043f\u043e\u0434\u0435\u0440\u0436\u043a\u0438 \u043a\u043b\u0438\u0435\u043d\u0442\u043e\u0432.<\/p>\n<p>&nbsp;<\/p>","protected":false},"excerpt":{"rendered":"<ul>\n<li><strong>Design sophistiqu\u00e9<\/strong><br \/>\nCes boucles d'oreilles sont dot\u00e9es d'un design \u00e9pur\u00e9 et sophistiqu\u00e9 qui ajoute sans effort une touche d'\u00e9l\u00e9gance \u00e0 n'importe quelle tenue. Parfaites pour la vie de tous les jours et les occasions sp\u00e9ciales.<\/li>\n<li><strong>Mat\u00e9riaux de haute qualit\u00e9<\/strong><br \/>\nFabriqu\u00e9es \u00e0 partir de m\u00e9taux de premi\u00e8re qualit\u00e9 et finies avec une attention m\u00e9ticuleuse aux d\u00e9tails, ces boucles d'oreilles offrent une durabilit\u00e9 durable et une brillance \u00e9clatante, garantissant qu'elles resteront un \u00e9l\u00e9ment essentiel de votre collection de bijoux.<\/li>\n<li><strong>Polyvalent et classique<\/strong><br \/>\nLe design intemporel de ces boucles d'oreilles en fait un accessoire polyvalent qui s'adapte \u00e0 toutes les garde-robes. Id\u00e9ales pour \u00eatre superpos\u00e9es ou port\u00e9es seules, elles apportent une touche subtile et raffin\u00e9e \u00e0 tous les looks.<\/li>\n<\/ul>","protected":false},"featured_media":10272,"comment_status":"open","ping_status":"closed","template":"","meta":[],"product_cat":[1389],"product_tag":[219],"class_list":{"0":"post-10250","1":"product","2":"type-product","3":"status-publish","4":"has-post-thumbnail","6":"product_cat-bracelet","7":"product_tag-bracelet","9":"first","10":"instock","11":"shipping-taxable","12":"purchasable","13":"product-type-variable","14":"wvs-archive-product-wrapper","15":"col-xs-6 col-sm-4","16":"col-md-3 col-lg-3","17":"un-4-cols"},"_links":{"self":[{"href":"https:\/\/nova155.com\/fr\/wp-json\/wp\/v2\/product\/10250","targetHints":{"allow":["GET"]}}],"collection":[{"href":"https:\/\/nova155.com\/fr\/wp-json\/wp\/v2\/product"}],"about":[{"href":"https:\/\/nova155.com\/fr\/wp-json\/wp\/v2\/types\/product"}],"replies":[{"embeddable":true,"href":"https:\/\/nova155.com\/fr\/wp-json\/wp\/v2\/comments?post=10250"}],"wp:featuredmedia":[{"embeddable":true,"href":"https:\/\/nova155.com\/fr\/wp-json\/wp\/v2\/media\/10272"}],"wp:attachment":[{"href":"https:\/\/nova155.com\/fr\/wp-json\/wp\/v2\/media?parent=10250"}],"wp:term":[{"taxonomy":"product_cat","embeddable":true,"href":"https:\/\/nova155.com\/fr\/wp-json\/wp\/v2\/product_cat?post=10250"},{"taxonomy":"product_tag","embeddable":true,"href":"https:\/\/nova155.com\/fr\/wp-json\/wp\/v2\/product_tag?post=10250"}],"curies":[{"name":"wp","href":"https:\/\/api.w.org\/{rel}","templated":true}]}}