{"id":10987,"date":"2025-07-08T07:37:40","date_gmt":"2025-07-08T07:37:40","guid":{"rendered":"https:\/\/nova155.com\/?post_type=product&#038;p=10987"},"modified":"2025-08-22T13:15:25","modified_gmt":"2025-08-22T13:15:25","slug":"cross-chain-snake-bone-chain-twist-chain-box-chain-various-necklaces-for-women-18k-gold-plain-chain-clavicle-chain-jewelry","status":"publish","type":"product","link":"https:\/\/nova155.com\/fr\/produit\/cross-chain-snake-bone-chain-twist-chain-box-chain-various-necklaces-for-women-18k-gold-plain-chain-clavicle-chain-jewelry\/","title":{"rendered":"Cha\u00eene en croix Cha\u00eene en os de serpent Cha\u00eene torsad\u00e9e Cha\u00eene en bo\u00eete Divers colliers pour femmes Cha\u00eene en or 18k Cha\u00eene en clavicule Bijoux"},"content":{"rendered":"<p align=\"start\">Si vous souhaitez en savoir plus, veuillez contacter le service client\u00e8le.<\/p>\n<p align=\"start\">Si vous souhaitez en savoir plus, contactez le service client\u00e8le.<\/p>\n<p align=\"start\">\u0415\u0441\u043b\u0438 \u0432\u0430\u043c \u043d\u0443\u0436\u043d\u043e \u0443\u0437\u043d\u0430\u0442\u044c \u0431\u043e\u043b\u044c\u0448\u0435, \u043f\u043e\u0436\u0430\u043b\u0443\u0439\u0441\u0442\u0430, \u0441\u0432\u044f\u0436\u0438\u0442\u0435\u0441\u044c \u0441\u043e \u0441\u043b\u0443\u0436\u0431\u043e\u0439 \u043f\u043e\u0434\u0435\u0440\u0436\u043a\u0438 \u043a\u043b\u0438\u0435\u043d\u0442\u043e\u0432.<\/p>\n<p>&nbsp;<\/p>","protected":false},"excerpt":{"rendered":"<p>If you need to know more, please contact customer service. Si necesita saber m\u00e1s, comun\u00edquese con el servicio al cliente. \u0415\u0441\u043b\u0438 \u0432\u0430\u043c \u043d\u0443\u0436\u043d\u043e \u0443\u0437\u043d\u0430\u0442\u044c \u0431\u043e\u043b\u044c\u0448\u0435, \u043f\u043e\u0436\u0430\u043b\u0443\u0439\u0441\u0442\u0430, \u0441\u0432\u044f\u0436\u0438\u0442\u0435\u0441\u044c \u0441\u043e \u0441\u043b\u0443\u0436\u0431\u043e\u0439 \u043f\u043e\u0434\u0434\u0435\u0440\u0436\u043a\u0438 \u043a\u043b\u0438\u0435\u043d\u0442\u043e\u0432. &nbsp;<\/p>","protected":false},"featured_media":11014,"comment_status":"open","ping_status":"closed","template":"","meta":[],"product_cat":[1393],"product_tag":[219],"class_list":{"0":"post-10987","1":"product","2":"type-product","3":"status-publish","4":"has-post-thumbnail","6":"product_cat-earrings","7":"product_tag-bracelet","9":"first","10":"instock","11":"shipping-taxable","12":"purchasable","13":"product-type-variable","14":"wvs-archive-product-wrapper","15":"col-xs-6 col-sm-4","16":"col-md-3 col-lg-3","17":"un-4-cols"},"_links":{"self":[{"href":"https:\/\/nova155.com\/fr\/wp-json\/wp\/v2\/product\/10987","targetHints":{"allow":["GET"]}}],"collection":[{"href":"https:\/\/nova155.com\/fr\/wp-json\/wp\/v2\/product"}],"about":[{"href":"https:\/\/nova155.com\/fr\/wp-json\/wp\/v2\/types\/product"}],"replies":[{"embeddable":true,"href":"https:\/\/nova155.com\/fr\/wp-json\/wp\/v2\/comments?post=10987"}],"wp:featuredmedia":[{"embeddable":true,"href":"https:\/\/nova155.com\/fr\/wp-json\/wp\/v2\/media\/11014"}],"wp:attachment":[{"href":"https:\/\/nova155.com\/fr\/wp-json\/wp\/v2\/media?parent=10987"}],"wp:term":[{"taxonomy":"product_cat","embeddable":true,"href":"https:\/\/nova155.com\/fr\/wp-json\/wp\/v2\/product_cat?post=10987"},{"taxonomy":"product_tag","embeddable":true,"href":"https:\/\/nova155.com\/fr\/wp-json\/wp\/v2\/product_tag?post=10987"}],"curies":[{"name":"wp","href":"https:\/\/api.w.org\/{rel}","templated":true}]}}