{"id":5270,"date":"2024-08-27T09:08:50","date_gmt":"2024-08-27T09:08:50","guid":{"rendered":"https:\/\/nova155.com\/?post_type=product&#038;p=5270"},"modified":"2024-08-31T13:37:03","modified_gmt":"2024-08-31T13:37:03","slug":"2024-new-variety-of-micro-inlaid-crystal-zircon-ring-sweet-french-elegant-flower-cute-ring-net-red-popular-jewelry-free-delivery","status":"publish","type":"product","link":"https:\/\/nova155.com\/pt\/produto\/2024-new-variety-of-micro-inlaid-crystal-zircon-ring-sweet-french-elegant-flower-cute-ring-net-red-popular-jewelry-free-delivery\/","title":{"rendered":"2024 Nova variedade de an\u00e9is com zirc\u00f5es de cristal microincrustados Anel doce franc\u00eas elegante com flores bonitas Anel l\u00edquido vermelho joias populares Entrega gratuita"},"content":{"rendered":"<p align=\"start\">Se precisar de mais informa\u00e7\u00f5es, entre em contato com o atendimento ao cliente.<\/p>\n<p align=\"start\">Se precisar de mais informa\u00e7\u00f5es, entre em contato com o servi\u00e7o de atendimento ao cliente.<\/p>\n<p align=\"start\">\u0415\u0441\u043b\u0438 \u0432\u0430\u043c \u043d\u0443\u0436\u043d\u043e \u0443\u0437\u043d\u0430\u0442\u044c \u0431\u043e\u043b\u044c\u0448\u0435, \u043f\u043e\u0436\u0430\u043b\u0443\u0439\u0441\u0442\u0430, \u0441\u0432\u044f\u0436\u0438\u0442\u0435\u0441\u044c \u0441\u043e \u0441\u043b\u0443\u0436\u0431\u043e\u0439 \u043f\u043e\u0434\u0434\u0435\u0440\u0436\u043a\u0438 \u043a\u043b\u0438\u0435\u043d\u0442\u043e\u0432.<\/p>\n<p>&nbsp;<\/p>","protected":false},"excerpt":{"rendered":"<p>Se precisar de mais informa\u00e7\u00f5es, entre em contato com o servi\u00e7o de atendimento ao cliente. Se precisar saber mais, entre em contato com o servi\u00e7o de atendimento ao cliente. \u0415\u0441\u043b\u0438 \u0432\u0430\u043c \u043d\u0443\u0436\u043d\u043e \u0443\u0437\u043d\u0430\u0442\u044c \u0431\u043e\u043b\u044c\u0448\u0435, \u043f\u043e\u0436\u0430\u043b\u0443\u0439\u0441\u0442\u0430, \u0441\u0432\u044f\u0436\u0438\u0442\u0435\u0441\u044c \u0441\u043e \u0441\u043b\u0443\u0436\u0431\u043e\u0439 \u043f\u043e\u0434\u0434\u0435\u0440\u0436\u043a\u0438 \u043a\u043b\u0438\u0435\u043d\u0442\u043e\u0432. &nbsp;<\/p>","protected":false},"featured_media":5590,"comment_status":"open","ping_status":"closed","template":"","meta":[],"product_cat":[1392],"product_tag":[1376],"class_list":{"0":"post-5270","1":"product","2":"type-product","3":"status-publish","4":"has-post-thumbnail","6":"product_cat-ring","7":"product_tag-ring","9":"first","10":"instock","11":"shipping-taxable","12":"purchasable","13":"product-type-variable","14":"wvs-archive-product-wrapper","15":"col-xs-6 col-sm-4","16":"col-md-3 col-lg-3","17":"un-4-cols"},"_links":{"self":[{"href":"https:\/\/nova155.com\/pt\/wp-json\/wp\/v2\/product\/5270","targetHints":{"allow":["GET"]}}],"collection":[{"href":"https:\/\/nova155.com\/pt\/wp-json\/wp\/v2\/product"}],"about":[{"href":"https:\/\/nova155.com\/pt\/wp-json\/wp\/v2\/types\/product"}],"replies":[{"embeddable":true,"href":"https:\/\/nova155.com\/pt\/wp-json\/wp\/v2\/comments?post=5270"}],"wp:featuredmedia":[{"embeddable":true,"href":"https:\/\/nova155.com\/pt\/wp-json\/wp\/v2\/media\/5590"}],"wp:attachment":[{"href":"https:\/\/nova155.com\/pt\/wp-json\/wp\/v2\/media?parent=5270"}],"wp:term":[{"taxonomy":"product_cat","embeddable":true,"href":"https:\/\/nova155.com\/pt\/wp-json\/wp\/v2\/product_cat?post=5270"},{"taxonomy":"product_tag","embeddable":true,"href":"https:\/\/nova155.com\/pt\/wp-json\/wp\/v2\/product_tag?post=5270"}],"curies":[{"name":"wp","href":"https:\/\/api.w.org\/{rel}","templated":true}]}}