{"id":7903,"date":"2024-08-31T06:22:59","date_gmt":"2024-08-31T06:22:59","guid":{"rendered":"https:\/\/nova155.com\/?post_type=product&#038;p=7903"},"modified":"2025-04-22T07:17:41","modified_gmt":"2025-04-22T07:17:41","slug":"french-retro-double-layer-pearl-necklace-female-light-luxury-niche-high-end-accessories-fashion-choker-neck-clavicle-chain","status":"publish","type":"product","link":"https:\/\/nova155.com\/pt\/produto\/french-retro-double-layer-pearl-necklace-female-light-luxury-niche-high-end-accessories-fashion-choker-neck-clavicle-chain\/","title":{"rendered":"Colar de p\u00e9rolas franc\u00eas retr\u00f4 de camada dupla Luz feminina Luxo de nicho Acess\u00f3rios de ponta Moda Gargantilha no pesco\u00e7o Corrente na clav\u00edcula"},"content":{"rendered":"<p align=\"start\">Se precisar de mais informa\u00e7\u00f5es, entre em contato com o atendimento ao cliente.<\/p>\n<p align=\"start\">Se precisar de mais informa\u00e7\u00f5es, entre em contato com o servi\u00e7o de atendimento ao cliente.<\/p>\n<p align=\"start\">\u0415\u0441\u043b\u0438 \u0432\u0430\u043c \u043d\u0443\u0436\u043d\u043e \u0443\u0437\u043d\u0430\u0442\u044c \u0431\u043e\u043b\u044c\u0448\u0435, \u043f\u043e\u0436\u0430\u043b\u0443\u0439\u0441\u0442\u0430, \u0441\u0432\u044f\u0436\u0438\u0442\u0435\u0441\u044c \u0441\u043e \u0441\u043b\u0443\u0436\u0431\u043e\u0439 \u043f\u043e\u0434\u0434\u0435\u0440\u0436\u043a\u0438 \u043a\u043b\u0438\u0435\u043d\u0442\u043e\u0432.<\/p>\n<p>&nbsp;<\/p>","protected":false},"excerpt":{"rendered":"<ul>\n<li><strong>Design sofisticado<\/strong><br \/>\nEsses brincos de pino apresentam um design elegante e sofisticado que adiciona sem esfor\u00e7o um toque de eleg\u00e2ncia a qualquer roupa. Perfeito para uso di\u00e1rio e ocasi\u00f5es especiais.<\/li>\n<li><strong>Materiais de alta qualidade<\/strong><br \/>\nFabricados com metais de primeira qualidade e acabados com aten\u00e7\u00e3o meticulosa aos detalhes, esses brincos oferecem durabilidade duradoura e um brilho intenso, garantindo que permane\u00e7am como um item b\u00e1sico em sua cole\u00e7\u00e3o de joias.<\/li>\n<li><strong>Vers\u00e1til e cl\u00e1ssico<\/strong><br \/>\nO design atemporal desses brincos de pino os torna um acess\u00f3rio vers\u00e1til que combina bem com qualquer guarda-roupa. Ideais para usar em camadas ou sozinhos, eles d\u00e3o um toque sutil e refinado a qualquer visual.<\/li>\n<li><\/li>\n<\/ul>","protected":false},"featured_media":7929,"comment_status":"open","ping_status":"closed","template":"","meta":[],"product_cat":[15],"product_tag":[219],"class_list":{"0":"post-7903","1":"product","2":"type-product","3":"status-publish","4":"has-post-thumbnail","6":"product_cat-uncategorized","7":"product_tag-bracelet","9":"first","10":"instock","11":"shipping-taxable","12":"purchasable","13":"product-type-variable","14":"wvs-archive-product-wrapper","15":"col-xs-6 col-sm-4","16":"col-md-3 col-lg-3","17":"un-4-cols"},"_links":{"self":[{"href":"https:\/\/nova155.com\/pt\/wp-json\/wp\/v2\/product\/7903","targetHints":{"allow":["GET"]}}],"collection":[{"href":"https:\/\/nova155.com\/pt\/wp-json\/wp\/v2\/product"}],"about":[{"href":"https:\/\/nova155.com\/pt\/wp-json\/wp\/v2\/types\/product"}],"replies":[{"embeddable":true,"href":"https:\/\/nova155.com\/pt\/wp-json\/wp\/v2\/comments?post=7903"}],"wp:featuredmedia":[{"embeddable":true,"href":"https:\/\/nova155.com\/pt\/wp-json\/wp\/v2\/media\/7929"}],"wp:attachment":[{"href":"https:\/\/nova155.com\/pt\/wp-json\/wp\/v2\/media?parent=7903"}],"wp:term":[{"taxonomy":"product_cat","embeddable":true,"href":"https:\/\/nova155.com\/pt\/wp-json\/wp\/v2\/product_cat?post=7903"},{"taxonomy":"product_tag","embeddable":true,"href":"https:\/\/nova155.com\/pt\/wp-json\/wp\/v2\/product_tag?post=7903"}],"curies":[{"name":"wp","href":"https:\/\/api.w.org\/{rel}","templated":true}]}}