{"id":9583,"date":"2025-01-16T02:05:29","date_gmt":"2025-01-16T02:05:29","guid":{"rendered":"https:\/\/nova155.com\/?post_type=product&#038;p=9583"},"modified":"2025-01-20T10:55:18","modified_gmt":"2025-01-20T10:55:18","slug":"sterling-silver-s925-moissanite-earrings-for-women-moissanite-earrings-for-valentines-day-one-carat-inlaid-moissanite-earrings-hook-pendant-2","status":"publish","type":"product","link":"https:\/\/nova155.com\/pt\/produto\/sterling-silver-s925-moissanite-earrings-for-women-moissanite-earrings-for-valentines-day-one-carat-inlaid-moissanite-earrings-hook-pendant-2\/","title":{"rendered":"Prata esterlina S925 Women Moissanite Earrings For Valentine's Day One Carat Inlaid Moissanite Earrings hook Pendant"},"content":{"rendered":"<p align=\"start\">Se precisar de mais informa\u00e7\u00f5es, entre em contato com o atendimento ao cliente.<\/p>\n<p align=\"start\">Se precisar de mais informa\u00e7\u00f5es, entre em contato com o servi\u00e7o de atendimento ao cliente.<\/p>\n<p align=\"start\">\u0415\u0441\u043b\u0438 \u0432\u0430\u043c \u043d\u0443\u0436\u043d\u043e \u0443\u0437\u043d\u0430\u0442\u044c \u0431\u043e\u043b\u044c\u0448\u0435, \u043f\u043e\u0436\u0430\u043b\u0443\u0439\u0441\u0442\u0430, \u0441\u0432\u044f\u0436\u0438\u0442\u0435\u0441\u044c \u0441\u043e \u0441\u043b\u0443\u0436\u0431\u043e\u0439 \u043f\u043e\u0434\u0434\u0435\u0440\u0436\u043a\u0438 \u043a\u043b\u0438\u0435\u043d\u0442\u043e\u0432.<\/p>\n<p align=\"start\">\u00a0 \u00a0\u00a0<img fetchpriority=\"high\" decoding=\"async\" class=\"alignnone size-full wp-image-8438\" src=\"http:\/\/nova155.com\/wp-content\/uploads\/2024\/10\/Sd48cf6723ef44b90bddcf829bc5c7923f.jpg\" alt=\"\" width=\"800\" height=\"517\" srcset=\"https:\/\/nova155.com\/wp-content\/uploads\/2024\/10\/Sd48cf6723ef44b90bddcf829bc5c7923f.jpg 800w, https:\/\/nova155.com\/wp-content\/uploads\/2024\/10\/Sd48cf6723ef44b90bddcf829bc5c7923f-300x194.jpg 300w, https:\/\/nova155.com\/wp-content\/uploads\/2024\/10\/Sd48cf6723ef44b90bddcf829bc5c7923f-768x496.jpg 768w, https:\/\/nova155.com\/wp-content\/uploads\/2024\/10\/Sd48cf6723ef44b90bddcf829bc5c7923f-18x12.jpg 18w, https:\/\/nova155.com\/wp-content\/uploads\/2024\/10\/Sd48cf6723ef44b90bddcf829bc5c7923f-790x510.jpg 790w, https:\/\/nova155.com\/wp-content\/uploads\/2024\/10\/Sd48cf6723ef44b90bddcf829bc5c7923f-370x239.jpg 370w, https:\/\/nova155.com\/wp-content\/uploads\/2024\/10\/Sd48cf6723ef44b90bddcf829bc5c7923f-600x388.jpg 600w, https:\/\/nova155.com\/wp-content\/uploads\/2024\/10\/Sd48cf6723ef44b90bddcf829bc5c7923f-60x40.jpg 60w\" sizes=\"(max-width: 800px) 100vw, 800px\" \/> <img decoding=\"async\" class=\"alignnone size-full wp-image-8439 lazyload\" data-src=\"http:\/\/nova155.com\/wp-content\/uploads\/2024\/10\/5487456.jpg\" alt=\"\" width=\"1000\" height=\"908\" data-srcset=\"https:\/\/nova155.com\/wp-content\/uploads\/2024\/10\/5487456.jpg 1000w, https:\/\/nova155.com\/wp-content\/uploads\/2024\/10\/5487456-300x272.jpg 300w, https:\/\/nova155.com\/wp-content\/uploads\/2024\/10\/5487456-768x697.jpg 768w, https:\/\/nova155.com\/wp-content\/uploads\/2024\/10\/5487456-13x12.jpg 13w, https:\/\/nova155.com\/wp-content\/uploads\/2024\/10\/5487456-370x336.jpg 370w, https:\/\/nova155.com\/wp-content\/uploads\/2024\/10\/5487456-600x545.jpg 600w, https:\/\/nova155.com\/wp-content\/uploads\/2024\/10\/5487456-44x40.jpg 44w\" data-sizes=\"(max-width: 1000px) 100vw, 1000px\" src=\"data:image\/gif;base64,R0lGODlhAQABAAAAACH5BAEKAAEALAAAAAABAAEAAAICTAEAOw==\" style=\"--smush-placeholder-width: 1000px; --smush-placeholder-aspect-ratio: 1000\/908;\" \/><noscript><img decoding=\"async\" class=\"alignnone size-full wp-image-8439\" src=\"http:\/\/nova155.com\/wp-content\/uploads\/2024\/10\/5487456.jpg\" alt=\"\" width=\"1000\" height=\"908\" srcset=\"https:\/\/nova155.com\/wp-content\/uploads\/2024\/10\/5487456.jpg 1000w, https:\/\/nova155.com\/wp-content\/uploads\/2024\/10\/5487456-300x272.jpg 300w, https:\/\/nova155.com\/wp-content\/uploads\/2024\/10\/5487456-768x697.jpg 768w, https:\/\/nova155.com\/wp-content\/uploads\/2024\/10\/5487456-13x12.jpg 13w, https:\/\/nova155.com\/wp-content\/uploads\/2024\/10\/5487456-370x336.jpg 370w, https:\/\/nova155.com\/wp-content\/uploads\/2024\/10\/5487456-600x545.jpg 600w, https:\/\/nova155.com\/wp-content\/uploads\/2024\/10\/5487456-44x40.jpg 44w\" sizes=\"(max-width: 1000px) 100vw, 1000px\" \/><\/noscript><\/p>\n<p style=\"text-align: center\">","protected":false},"excerpt":{"rendered":"<ul>\n<li><strong>Design sofisticado<\/strong><br \/>\nEsses brincos de pino apresentam um design elegante e sofisticado que adiciona sem esfor\u00e7o um toque de eleg\u00e2ncia a qualquer roupa. Perfeito para uso di\u00e1rio e ocasi\u00f5es especiais.<\/li>\n<li><strong>Materiais de alta qualidade<\/strong><br \/>\nFabricados com metais de primeira qualidade e acabados com aten\u00e7\u00e3o meticulosa aos detalhes, esses brincos oferecem durabilidade duradoura e um brilho intenso, garantindo que permane\u00e7am como um item b\u00e1sico em sua cole\u00e7\u00e3o de joias.<\/li>\n<li><strong>Vers\u00e1til e cl\u00e1ssico<\/strong><br \/>\nO design atemporal desses brincos de pino os torna um acess\u00f3rio vers\u00e1til que combina bem com qualquer guarda-roupa. Ideais para usar em camadas ou sozinhos, eles d\u00e3o um toque sutil e refinado a qualquer visual.<\/li>\n<li><\/li>\n<\/ul>","protected":false},"featured_media":9608,"comment_status":"open","ping_status":"closed","template":"","meta":[],"product_cat":[1389],"product_tag":[219],"class_list":{"0":"post-9583","1":"product","2":"type-product","3":"status-publish","4":"has-post-thumbnail","6":"product_cat-bracelet","7":"product_tag-bracelet","9":"first","10":"instock","11":"shipping-taxable","12":"purchasable","13":"product-type-variable","14":"wvs-archive-product-wrapper","15":"col-xs-6 col-sm-4","16":"col-md-3 col-lg-3","17":"un-4-cols"},"_links":{"self":[{"href":"https:\/\/nova155.com\/pt\/wp-json\/wp\/v2\/product\/9583","targetHints":{"allow":["GET"]}}],"collection":[{"href":"https:\/\/nova155.com\/pt\/wp-json\/wp\/v2\/product"}],"about":[{"href":"https:\/\/nova155.com\/pt\/wp-json\/wp\/v2\/types\/product"}],"replies":[{"embeddable":true,"href":"https:\/\/nova155.com\/pt\/wp-json\/wp\/v2\/comments?post=9583"}],"wp:featuredmedia":[{"embeddable":true,"href":"https:\/\/nova155.com\/pt\/wp-json\/wp\/v2\/media\/9608"}],"wp:attachment":[{"href":"https:\/\/nova155.com\/pt\/wp-json\/wp\/v2\/media?parent=9583"}],"wp:term":[{"taxonomy":"product_cat","embeddable":true,"href":"https:\/\/nova155.com\/pt\/wp-json\/wp\/v2\/product_cat?post=9583"},{"taxonomy":"product_tag","embeddable":true,"href":"https:\/\/nova155.com\/pt\/wp-json\/wp\/v2\/product_tag?post=9583"}],"curies":[{"name":"wp","href":"https:\/\/api.w.org\/{rel}","templated":true}]}}